{"id":3196,"date":"2026-02-22T07:55:46","date_gmt":"2026-02-22T07:55:46","guid":{"rendered":"https:\/\/ameliachaffinch.co.uk\/?post_type=product&#038;p=3196"},"modified":"2026-03-01T08:43:42","modified_gmt":"2026-03-01T08:43:42","slug":"wyddfa-whirlwinds-a-mynydd-eliffant","status":"publish","type":"product","link":"https:\/\/ameliachaffinch.co.uk\/?product=wyddfa-whirlwinds-a-mynydd-eliffant","title":{"rendered":"Wyddfa Whirlwinds a Mynydd Eliffant (Clawr caled)"},"content":{"rendered":"<p>Mae&#8217;r stori hudolus hon yn cyflwyno Hetty yr eliffant, sydd newydd symud i ardal Eryri, i gr\u0175p newydd o ffrindiau ac mae`r <strong>Wyddfa Whirlwinds<\/strong> yn cael eu creu.<\/p>\n<p>Mae&#8217;r eliffant cyfeillgar hon yn darganfod yn sydyn ei bod wedi dod yn arwr ar \u00f4l achub y dydd wedi i d\u00e2n dorri allan. Nid yn unig hynny, ond yn dilyn y t\u00e2n, er mawr syndod i bawb, mae&#8217;n ychwanegu at ddaeareg lleol Eryri ac mae Mynydd Eliffant (Mynydd Mawr &#8211; <strong>lleoliad go iawn<\/strong>) yn cael ei greu.<\/p>\n<p>Yn berffaith ar gyfer plant 4-6 oed, mae&#8217;n dathlu dewrder, creadigrwydd, a ph\u0175er cyfeillgarwch. Mae&#8217;n gwahodd plant i giglio a chwerthin efo&#8217;r newydd-ddyfodiad. Gwneir hyn i gyd gydag ardal drawiadol Eryri fel cefndir a llefydd <strong>go iawn<\/strong> i ddarllenwyr ymweld \u00e2 nhw os ydynt yn yr ardal gan ddefnyddio&#8217;r map, sydd wedi&#8217;i gynnwys, i helpu i ddod o hyd i&#8217;r lleoliad.<\/p>\n<p>Maint: 220mm x 220mm<\/p>\n<p>Clawr: Caled<\/p>\n<p>Tudalennau: 62<\/p>\n<p>Iaith: Cymraeg<\/p>\n","protected":false},"excerpt":{"rendered":"<p>Pan symudodd Hetty i Eryri, ychydig a wyddai pa anturiaethau oedd o&#8217;i blaen!<\/p>\n<p>Dysgwch sut y cyfarfu Wyddfa Whirlwinds am y tro cyntaf a sut y daeth Hetty yn arwres a fydd yn cael ei chofio am byth!<\/p>\n","protected":false},"featured_media":3202,"comment_status":"open","ping_status":"closed","template":"","meta":{"_uag_custom_page_level_css":"","site-sidebar-layout":"default","site-content-layout":"","ast-site-content-layout":"default","site-content-style":"default","site-sidebar-style":"default","ast-global-header-display":"","ast-banner-title-visibility":"","ast-main-header-display":"","ast-hfb-above-header-display":"","ast-hfb-below-header-display":"","ast-hfb-mobile-header-display":"","site-post-title":"","ast-breadcrumbs-content":"","ast-featured-img":"","footer-sml-layout":"","theme-transparent-header-meta":"default","adv-header-id-meta":"","stick-header-meta":"","header-above-stick-meta":"","header-main-stick-meta":"","header-below-stick-meta":"","astra-migrate-meta-layouts":"set","ast-page-background-enabled":"default","ast-page-background-meta":{"desktop":{"background-color":"var(--ast-global-color-4)","background-image":"","background-repeat":"repeat","background-position":"center center","background-size":"auto","background-attachment":"scroll","background-type":"","background-media":"","overlay-type":"","overlay-color":"","overlay-opacity":"","overlay-gradient":""},"tablet":{"background-color":"","background-image":"","background-repeat":"repeat","background-position":"center center","background-size":"auto","background-attachment":"scroll","background-type":"","background-media":"","overlay-type":"","overlay-color":"","overlay-opacity":"","overlay-gradient":""},"mobile":{"background-color":"","background-image":"","background-repeat":"repeat","background-position":"center center","background-size":"auto","background-attachment":"scroll","background-type":"","background-media":"","overlay-type":"","overlay-color":"","overlay-opacity":"","overlay-gradient":""}},"ast-content-background-meta":{"desktop":{"background-color":"var(--ast-global-color-5)","background-image":"","background-repeat":"repeat","background-position":"center center","background-size":"auto","background-attachment":"scroll","background-type":"","background-media":"","overlay-type":"","overlay-color":"","overlay-opacity":"","overlay-gradient":""},"tablet":{"background-color":"var(--ast-global-color-5)","background-image":"","background-repeat":"repeat","background-position":"center center","background-size":"auto","background-attachment":"scroll","background-type":"","background-media":"","overlay-type":"","overlay-color":"","overlay-opacity":"","overlay-gradient":""},"mobile":{"background-color":"var(--ast-global-color-5)","background-image":"","background-repeat":"repeat","background-position":"center center","background-size":"auto","background-attachment":"scroll","background-type":"","background-media":"","overlay-type":"","overlay-color":"","overlay-opacity":"","overlay-gradient":""}}},"product_brand":[],"product_cat":[33],"product_tag":[],"class_list":{"0":"post-3196","1":"product","2":"type-product","3":"status-publish","4":"has-post-thumbnail","6":"product_cat-llyfrau-cymraeg","7":"desktop-align-left","8":"tablet-align-left","9":"mobile-align-left","11":"first","12":"instock","13":"shipping-taxable","14":"product-type-simple"},"uagb_featured_image_src":{"full":["https:\/\/ameliachaffinch.co.uk\/wp-content\/uploads\/2026\/02\/Hardback-Cymraeg-Front-scaled.jpg",2539,2560,false],"thumbnail":["https:\/\/ameliachaffinch.co.uk\/wp-content\/uploads\/2026\/02\/Hardback-Cymraeg-Front-150x150.jpg",150,150,true],"medium":["https:\/\/ameliachaffinch.co.uk\/wp-content\/uploads\/2026\/02\/Hardback-Cymraeg-Front-298x300.jpg",298,300,true],"medium_large":["https:\/\/ameliachaffinch.co.uk\/wp-content\/uploads\/2026\/02\/Hardback-Cymraeg-Front-768x774.jpg",768,774,true],"large":["https:\/\/ameliachaffinch.co.uk\/wp-content\/uploads\/2026\/02\/Hardback-Cymraeg-Front-1016x1024.jpg",1016,1024,true],"1536x1536":["https:\/\/ameliachaffinch.co.uk\/wp-content\/uploads\/2026\/02\/Hardback-Cymraeg-Front-1524x1536.jpg",1524,1536,true],"2048x2048":["https:\/\/ameliachaffinch.co.uk\/wp-content\/uploads\/2026\/02\/Hardback-Cymraeg-Front-2032x2048.jpg",2032,2048,true],"woocommerce_thumbnail":["https:\/\/ameliachaffinch.co.uk\/wp-content\/uploads\/2026\/02\/Hardback-Cymraeg-Front-300x300.jpg",300,300,true],"woocommerce_single":["https:\/\/ameliachaffinch.co.uk\/wp-content\/uploads\/2026\/02\/Hardback-Cymraeg-Front-600x605.jpg",600,605,true],"woocommerce_gallery_thumbnail":["https:\/\/ameliachaffinch.co.uk\/wp-content\/uploads\/2026\/02\/Hardback-Cymraeg-Front-100x100.jpg",100,100,true]},"uagb_author_info":{"display_name":"Amelia_Admin","author_link":"https:\/\/ameliachaffinch.co.uk\/?author=0"},"uagb_comment_info":0,"uagb_excerpt":"Pan symudodd Hetty i Eryri, ychydig a wyddai pa anturiaethau oedd o'i blaen! Dysgwch sut y cyfarfu Wyddfa Whirlwinds am y tro cyntaf a sut y daeth Hetty yn arwres a fydd yn cael ei chofio am byth!","_links":{"self":[{"href":"https:\/\/ameliachaffinch.co.uk\/index.php?rest_route=\/wp\/v2\/product\/3196","targetHints":{"allow":["GET"]}}],"collection":[{"href":"https:\/\/ameliachaffinch.co.uk\/index.php?rest_route=\/wp\/v2\/product"}],"about":[{"href":"https:\/\/ameliachaffinch.co.uk\/index.php?rest_route=\/wp\/v2\/types\/product"}],"replies":[{"embeddable":true,"href":"https:\/\/ameliachaffinch.co.uk\/index.php?rest_route=%2Fwp%2Fv2%2Fcomments&post=3196"}],"wp:featuredmedia":[{"embeddable":true,"href":"https:\/\/ameliachaffinch.co.uk\/index.php?rest_route=\/wp\/v2\/media\/3202"}],"wp:attachment":[{"href":"https:\/\/ameliachaffinch.co.uk\/index.php?rest_route=%2Fwp%2Fv2%2Fmedia&parent=3196"}],"wp:term":[{"taxonomy":"product_brand","embeddable":true,"href":"https:\/\/ameliachaffinch.co.uk\/index.php?rest_route=%2Fwp%2Fv2%2Fproduct_brand&post=3196"},{"taxonomy":"product_cat","embeddable":true,"href":"https:\/\/ameliachaffinch.co.uk\/index.php?rest_route=%2Fwp%2Fv2%2Fproduct_cat&post=3196"},{"taxonomy":"product_tag","embeddable":true,"href":"https:\/\/ameliachaffinch.co.uk\/index.php?rest_route=%2Fwp%2Fv2%2Fproduct_tag&post=3196"}],"curies":[{"name":"wp","href":"https:\/\/api.w.org\/{rel}","templated":true}]}}